{"id":1636,"date":"2024-04-29T15:25:21","date_gmt":"2024-04-29T13:25:21","guid":{"rendered":"https:\/\/szekely.experimental-net.com\/martin-szekely\/"},"modified":"2024-07-18T23:08:45","modified_gmt":"2024-07-18T21:08:45","slug":"martin-szekely","status":"publish","type":"page","link":"https:\/\/szekely.experimental-net.com\/en\/","title":{"rendered":"Martin Szekely"},"content":{"rendered":"\r\n<p>\u201cToday, I see my work as detached from the expressionism of the drawing.<br \/>This idea grew out of my experience in industrial design which is directed at the broadest possible public. My aim is to achieve an economy in the result which can\u2019t even be defined as minimalist: a commonplace.\u201d<br \/><br \/>Martin Szekely has worked for:<br \/>Ala\u00efa, Parrot, Weston, MK2, Heineken, Canal Satellite, Christofle, Dom P\u00e9rignon, Herm\u00e8s, Bernardaud, Legrand, Saint-Louis, E.N.S. (European Neurological Society), Terreal (Saint Gobain group), Perrier, JC Decaux, Transel (Bouygues G\u00e9n\u00e9rale des Eaux group) for EDF, Swarovski, Delvaux,\u00a0<span class=\"Apple-style-span\">Mus\u00e9e du Louvre.<\/span><\/p>\r\n<p class=\"Formatlibre\">His solo exhibitions include Collection\u00a0<em>Pi\u00a0<\/em>(1985) ,\u00a0<em>Containers\u00a0<\/em>(1987),\u00a0<em>Pour faire salon\u00a0<\/em>(1989),\u00a0<em>Initiales\u00a0<\/em>(1991) and\u00a0<em>Satragno\u00a0<\/em>(1994) at the Galerie N\u00e9otu (Paris);\u00a0<em>Martin Szekely designer<\/em>\u00a0(1998) at MAC\u2019s \/ Site du Grand-Hornu;\u00a0<em>un banquet-des plats\u00a0<\/em>(2000), s<em>ix constructions\u00a0<\/em>(2002),\u00a0<em>des \u00e9tag\u00e8res\u00a0<\/em>(2005),\u00a0<em>concrete\u00a0<\/em>(2008),\u00a0<em>heroic shelves and simple boxes\u00a0<\/em>(2009) and\u00a0<em>Units\u00a0<\/em>(2011) at the Galerie kreo (Paris);\u00a0<em>Martin Szekely\u2013Ne plus dessiner<\/em>\u00a0(2011) at Centre Pompidou (Paris);\u00a0<em>\u00a0Artefact\u00a0<\/em>et\u00a0<em>MAP\u00a0<\/em>(2014), at Blondeau &amp; Cie (Geneva);\u00a0<em>\u00a0Artefact\u00a0<\/em>(2015), at Salon 94 (New York);\u00a0<em>Moon Wood\u00a0<\/em>(2017) and\u00a0<em>The Drawers and I\u00a0(2019)\u00a0<\/em>at Pierre Marie Giraud gallery (Brussels),\u00a0<em>\u0152uvres r\u00e9centes\u00a0<\/em>(2017) H\u00f4tel de Clermont-Tonnerre (Paris),\u00a0<em>Construction &#8211; Martin Szekely\u00a0<\/em>(2018)\u00a0Mus\u00e9e des Arts d\u00e9coratifs et du Design (Bordeaux)<em>;\u00a0<\/em><em>Mati\u00e8re Lente<\/em>\u00a0(2022) Mus\u00e9e national Adrien Dubouch\u00e9 Cit\u00e9 de la C\u00e9ramique &#8211; S\u00e8vres &amp; Limoges (Limoges).<\/p>\r\n<p>His works are part of the permanent collections of:<br \/>Centre Georges Pompidou, Paris<br \/>Mus\u00e9e des Arts D\u00e9coratifs, Paris<\/p>\r\n<p>Mus\u00e9e des Arts D\u00e9coratifs\u00a0et du Design, Bordeaux<br \/>Fonds National d&#8217;Art Contemporain, Paris<br \/>MUDAM, Luxembourg<br \/>Design Museum, Lisbonne<br \/>MoMA, New York<br \/>Cooper Hewitt Museum, New York<br \/>Israel Museum, Jerusalem<\/p>\r\n<p>Museum of fine arts, Montreal\u00a0<\/p>\r\n<p>Victoria &amp; Albert Museum, London<\/p>\r\n<p>Sculpture park, Mus\u00e9e de l&#8217;Hospice Saint-Roch, Issoudun<\/p>\r\n<p>Collection de l&#8217;histoire du Louvre, Paris<\/p>\r\n","protected":false},"excerpt":{"rendered":"<p>\u201cToday, I see my work as detached from the expressionism of the drawing.This idea grew out of my experience in industrial design which is directed at the broadest possible public. My aim is to achieve an economy in the result which can\u2019t even be defined as minimalist: a commonplace.\u201d Martin Szekely has worked for:Ala\u00efa, Parrot, [&hellip;]<\/p>\n","protected":false},"author":2,"featured_media":0,"parent":0,"menu_order":0,"comment_status":"closed","ping_status":"open","template":"archive.php","meta":{"_acf_changed":false,"_seopress_robots_primary_cat":"","_seopress_titles_title":"","_seopress_titles_desc":"","_seopress_robots_index":"","footnotes":""},"class_list":["post-1636","page","type-page","status-publish","hentry"],"acf":[],"_links":{"self":[{"href":"https:\/\/szekely.experimental-net.com\/en\/wp-json\/wp\/v2\/pages\/1636","targetHints":{"allow":["GET"]}}],"collection":[{"href":"https:\/\/szekely.experimental-net.com\/en\/wp-json\/wp\/v2\/pages"}],"about":[{"href":"https:\/\/szekely.experimental-net.com\/en\/wp-json\/wp\/v2\/types\/page"}],"author":[{"embeddable":true,"href":"https:\/\/szekely.experimental-net.com\/en\/wp-json\/wp\/v2\/users\/2"}],"replies":[{"embeddable":true,"href":"https:\/\/szekely.experimental-net.com\/en\/wp-json\/wp\/v2\/comments?post=1636"}],"version-history":[{"count":2,"href":"https:\/\/szekely.experimental-net.com\/en\/wp-json\/wp\/v2\/pages\/1636\/revisions"}],"predecessor-version":[{"id":1639,"href":"https:\/\/szekely.experimental-net.com\/en\/wp-json\/wp\/v2\/pages\/1636\/revisions\/1639"}],"wp:attachment":[{"href":"https:\/\/szekely.experimental-net.com\/en\/wp-json\/wp\/v2\/media?parent=1636"}],"curies":[{"name":"wp","href":"https:\/\/api.w.org\/{rel}","templated":true}]}}